{"id":2535,"date":"2025-10-14T15:12:17","date_gmt":"2025-10-14T13:12:17","guid":{"rendered":"https:\/\/www.innovatingbytes.com\/product\/base-de-lampe-a-vis-e27-interrupteur-de-retard-de-commande-vocale-adaptateur-de-prise-de-lumiere-ac180-240v-accessoires-declairage-support-dampoule-led\/"},"modified":"2026-04-08T07:05:45","modified_gmt":"2026-04-08T05:05:45","slug":"base-de-lampe-a-vis-e27-interrupteur-de-retard-de-commande-vocale-adaptateur-de-prise-de-lumiere-ac180-240v-accessoires-declairage-support-dampoule-led","status":"publish","type":"product","link":"https:\/\/www.innovatingbytes.com\/en\/product\/base-de-lampe-a-vis-e27-interrupteur-de-retard-de-commande-vocale-adaptateur-de-prise-de-lumiere-ac180-240v-accessoires-declairage-support-dampoule-led\/","title":{"rendered":"Lamp base, voice command delay switch"},"content":{"rendered":"<div class=\"detailmodule_html\">\n<div class=\"detail-desc-decorate-richtext\">\n<div class=\"detailmodule_html\">\n<div class=\"detail-desc-decorate-richtext\">\n<p><span style=\"font-size: 18px;\"><strong>Principe de fonctionnement du support de lampe contr\u00f4l\u00e9 par le son et la lumi\u00e8re<\/strong><\/span><\/p>\n<p>&nbsp;<\/p>\n<p>Le support de lampe \u00e0 retard de contr\u00f4le du son et de la lumi\u00e8re est contr\u00f4l\u00e9 par une combinaison de son et de lumi\u00e8re.Pendant la journ\u00e9e ou lorsque la lumi\u00e8re est forte, le contr\u00f4le de la lumi\u00e8re verrouille le circuit, obtenant un \u00e9tat d&rsquo;absence d&rsquo;action m\u00eame lorsqu&rsquo;il y a du son.Cependant, la nuit ou lorsque la lumi\u00e8re est faible, le circuit de contr\u00f4le de la lumi\u00e8re est d\u00e9verrouill\u00e9 et l&rsquo;effet de contr\u00f4le du son est activ\u00e9, r\u00e9alisant ainsi la mise sous et hors tension du support de lampe de contr\u00f4le du son.<\/p>\n<p>&nbsp;<\/p>\n<p><span style=\"font-size: 18px;\"><strong>Avantages :<\/strong><\/span><\/p>\n<p>&nbsp;<\/p>\n<p>1.Installation simple et c\u00e2blage pratique, sans distinguer les fils z\u00e9ro et sous tension<\/p>\n<p>&nbsp;<\/p>\n<p>2.La douille \u00e0 vis E27 standard national a une large gamme d&rsquo;applications<\/p>\n<p>&nbsp;<\/p>\n<p>3.\u00c9conomie d&rsquo;\u00e9nergie et longue dur\u00e9e de vie<\/p>\n<p>&nbsp;<\/p>\n<p>4. R\u00e9novation \u00e9conome en \u00e9nergie de l&rsquo;ing\u00e9nierie communautaire immobili\u00e8re<\/p>\n<p><img decoding=\"async\" src=\"https:\/\/ae01.alicdn.com\/kf\/S1a232f159cf149fb8c5d9bc7be5da44aB.jpg\" \/><img decoding=\"async\" src=\"https:\/\/ae01.alicdn.com\/kf\/Sacb52bac376943fca43240f94b897ed9H.jpg\" \/><img decoding=\"async\" src=\"https:\/\/ae01.alicdn.com\/kf\/S0c507cc971b744f08069975543be0ff7H.jpg\" \/><img decoding=\"async\" src=\"https:\/\/ae01.alicdn.com\/kf\/S6a3282027caf4e6291f252a94a0f69fbm.jpg\" \/><\/p>\n<\/div>\n<\/div>\n<p>&nbsp;<\/p>\n<\/div>\n<\/div>","protected":false},"excerpt":{"rendered":"<p>Principe de fonctionnement du support de lampe contr\u00f4l\u00e9 par le son et la lumi\u00e8re &nbsp; Le support de lampe \u00e0 retard de contr\u00f4le du son et de la lumi\u00e8re est contr\u00f4l\u00e9 par une combinaison de son et de lumi\u00e8re.Pendant la journ\u00e9e ou lorsque la lumi\u00e8re est forte, le contr\u00f4le de la lumi\u00e8re verrouille le circuit,&hellip;<\/p>","protected":false},"featured_media":2537,"comment_status":"closed","ping_status":"closed","template":"","meta":[],"product_brand":[],"product_cat":[540,314,287,288,284,293,313],"product_tag":[],"class_list":{"0":"post-2535","1":"product","2":"type-product","3":"status-publish","4":"has-post-thumbnail","6":"product_cat-arduino","7":"product_cat-devices","8":"product_cat-eclairage","9":"product_cat-gadgets","10":"product_cat-maison-connectee","11":"product_cat-prise-electrique","12":"product_cat-technology","14":"first","15":"instock","16":"taxable","17":"shipping-taxable","18":"purchasable","19":"product-type-variable"},"_links":{"self":[{"href":"https:\/\/www.innovatingbytes.com\/en\/wp-json\/wp\/v2\/product\/2535","targetHints":{"allow":["GET"]}}],"collection":[{"href":"https:\/\/www.innovatingbytes.com\/en\/wp-json\/wp\/v2\/product"}],"about":[{"href":"https:\/\/www.innovatingbytes.com\/en\/wp-json\/wp\/v2\/types\/product"}],"replies":[{"embeddable":true,"href":"https:\/\/www.innovatingbytes.com\/en\/wp-json\/wp\/v2\/comments?post=2535"}],"version-history":[{"count":0,"href":"https:\/\/www.innovatingbytes.com\/en\/wp-json\/wp\/v2\/product\/2535\/revisions"}],"wp:featuredmedia":[{"embeddable":true,"href":"https:\/\/www.innovatingbytes.com\/en\/wp-json\/wp\/v2\/media\/2537"}],"wp:attachment":[{"href":"https:\/\/www.innovatingbytes.com\/en\/wp-json\/wp\/v2\/media?parent=2535"}],"wp:term":[{"taxonomy":"product_brand","embeddable":true,"href":"https:\/\/www.innovatingbytes.com\/en\/wp-json\/wp\/v2\/product_brand?post=2535"},{"taxonomy":"product_cat","embeddable":true,"href":"https:\/\/www.innovatingbytes.com\/en\/wp-json\/wp\/v2\/product_cat?post=2535"},{"taxonomy":"product_tag","embeddable":true,"href":"https:\/\/www.innovatingbytes.com\/en\/wp-json\/wp\/v2\/product_tag?post=2535"}],"curies":[{"name":"wp","href":"https:\/\/api.w.org\/{rel}","templated":true}]}}