{"id":2524,"date":"2025-10-14T15:11:52","date_gmt":"2025-10-14T13:11:52","guid":{"rendered":"https:\/\/www.innovatingbytes.com\/product\/composants-electroniques-resistance-de-condensateur-electrolytique-led-kit-de-planche-a-pain-a-830-trous-mb-102-pour-pack-de-composants-uno-r-demarrage-pour-debutant\/"},"modified":"2026-04-09T06:53:53","modified_gmt":"2026-04-09T04:53:53","slug":"composants-electroniques-resistance-de-condensateur-electrolytique-led-kit-de-planche-a-pain-a-830-trous-mb-102-pour-pack-de-composants-uno-r-demarrage-pour-debutant","status":"publish","type":"product","link":"https:\/\/www.innovatingbytes.com\/en\/product\/composants-electroniques-resistance-de-condensateur-electrolytique-led-kit-de-planche-a-pain-a-830-trous-mb-102-pour-pack-de-composants-uno-r-demarrage-pour-debutant\/","title":{"rendered":"Arduino UNO component pack"},"content":{"rendered":"<div class=\"detailmodule_html\">\n<div class=\"detail-desc-decorate-richtext\">\n<p><img decoding=\"async\" src=\"https:\/\/ae01.alicdn.com\/kf\/Sbef2f177c43c46668c1160335f3dae4f8.png\"><\/p>\n<p style=\", Roboto, Arial, Helvetica, sans-serif, SimSun;font-size:14px;font-weight:400;letter-spacing:normal;line-height:inherit;text-align:start;margin:0px;margin-bottom:0px;margin-top:0px;margin-left:0px;margin-right:0px;padding:0px;padding-bottom:0px;padding-top:0px;padding-left:0px;padding-right:0px\" align=\"start\"><span style=\"font-size:22px;font-family:arial, helvetica, sans-serif\"><strong>Kit de bricolage de d\u00e9marreur \u00e9lectronique de projet de bricolage avec planche \u00e0 pain de planche \u00e0 pain de 830 Points d&rsquo;arrimage pour ensemble de composants \u00e9lectroniques R3 avec bo\u00eete<\/strong><\/span><\/p>\n<p style=\", Roboto, Arial, Helvetica, sans-serif, SimSun;font-size:14px;font-weight:400;letter-spacing:normal;line-height:inherit;text-align:start;margin:0px;margin-bottom:0px;margin-top:0px;margin-left:0px;margin-right:0px;padding:0px;padding-bottom:0px;padding-top:0px;padding-left:0px;padding-right:0px\" align=\"start\"><\/p>\n<p style=\", Roboto, Arial, Helvetica, sans-serif, SimSun;font-size:14px;font-weight:400;letter-spacing:normal;line-height:inherit;text-align:start;margin:0px;margin-bottom:0px;margin-top:0px;margin-left:0px;margin-right:0px;padding:0px;padding-bottom:0px;padding-top:0px;padding-left:0px;padding-right:0px\" align=\"start\"><span style=\"font-size:22px;font-family:arial, helvetica, sans-serif\"><strong>Le forfait comprend :<\/strong><\/span><\/p>\n<p style=\", Roboto, Arial, Helvetica, sans-serif, SimSun;font-size:14px;font-weight:400;letter-spacing:normal;line-height:inherit;text-align:start;margin:0px;margin-bottom:0px;margin-top:0px;margin-left:0px;margin-right:0px;padding:0px;padding-bottom:0px;padding-top:0px;padding-left:0px;padding-right:0px\" align=\"start\"><\/p>\n<p style=\", Roboto, Arial, Helvetica, sans-serif, SimSun;font-size:14px;font-weight:400;letter-spacing:normal;line-height:inherit;text-align:start;margin:0px;margin-bottom:0px;margin-top:0px;margin-left:0px;margin-right:0px;padding:0px;padding-bottom:0px;padding-top:0px;padding-left:0px;padding-right:0px\" align=\"start\"><span style=\"font-size:20px;font-family:arial, helvetica, sans-serif\"><strong>1 x module d&rsquo;alimentation<\/strong><\/span><\/p>\n<p style=\", Roboto, Arial, Helvetica, sans-serif, SimSun;font-size:14px;font-weight:400;letter-spacing:normal;line-height:inherit;text-align:start;margin:0px;margin-bottom:0px;margin-top:0px;margin-left:0px;margin-right:0px;padding:0px;padding-bottom:0px;padding-top:0px;padding-left:0px;padding-right:0px\" align=\"start\"><span style=\"font-size:20px;font-family:arial, helvetica, sans-serif\"><strong>1 planche \u00e0 pain 830 points d&rsquo;attache<\/strong><\/span><\/p>\n<p style=\", Roboto, Arial, Helvetica, sans-serif, SimSun;font-size:14px;font-weight:400;letter-spacing:normal;line-height:inherit;text-align:start;margin:0px;margin-bottom:0px;margin-top:0px;margin-left:0px;margin-right:0px;padding:0px;padding-bottom:0px;padding-top:0px;padding-left:0px;padding-right:0px\" align=\"start\"><span style=\"font-size:20px;font-family:arial, helvetica, sans-serif\"><strong>Fil de raccordement 1&#215;65<\/strong><\/span><\/p>\n<p style=\", Roboto, Arial, Helvetica, sans-serif, SimSun;font-size:14px;font-weight:400;letter-spacing:normal;line-height:inherit;text-align:start;margin:0px;margin-bottom:0px;margin-top:0px;margin-left:0px;margin-right:0px;padding:0px;padding-bottom:0px;padding-top:0px;padding-left:0px;padding-right:0px\" align=\"start\"><span style=\"font-size:20px;font-family:arial, helvetica, sans-serif\"><strong>140 x fil de cavalier sans soudure<\/strong><\/span><\/p>\n<p style=\", Roboto, Arial, Helvetica, sans-serif, SimSun;font-size:14px;font-weight:400;letter-spacing:normal;line-height:inherit;text-align:start;margin:0px;margin-bottom:0px;margin-top:0px;margin-left:0px;margin-right:0px;padding:0px;padding-bottom:0px;padding-top:0px;padding-left:0px;padding-right:0px\" align=\"start\"><span style=\"font-size:20px;font-family:arial, helvetica, sans-serif\"><strong>20 x fil Dupont femelle \u00e0 m\u00e2le<\/strong><\/span><\/p>\n<p style=\", Roboto, Arial, Helvetica, sans-serif, SimSun;font-size:14px;font-weight:400;letter-spacing:normal;line-height:inherit;text-align:start;margin:0px;margin-bottom:0px;margin-top:0px;margin-left:0px;margin-right:0px;padding:0px;padding-bottom:0px;padding-top:0px;padding-left:0px;padding-right:0px\" align=\"start\"><span style=\"font-size:20px;font-family:arial, helvetica, sans-serif\"><strong>2 x en-t\u00eate de broche (40 broches)<\/strong><\/span><\/p>\n<p style=\", Roboto, Arial, Helvetica, sans-serif, SimSun;font-size:14px;font-weight:400;letter-spacing:normal;line-height:inherit;text-align:start;margin:0px;margin-bottom:0px;margin-top:0px;margin-left:0px;margin-right:0px;padding:0px;padding-bottom:0px;padding-top:0px;padding-left:0px;padding-right:0px\" align=\"start\"><span style=\"font-size:20px;font-family:arial, helvetica, sans-serif\"><strong>1 x potentiom\u00e8tre de pr\u00e9cision<\/strong><\/span><\/p>\n<p style=\", Roboto, Arial, Helvetica, sans-serif, SimSun;font-size:14px;font-weight:400;letter-spacing:normal;line-height:inherit;text-align:start;margin:0px;margin-bottom:0px;margin-top:0px;margin-left:0px;margin-right:0px;padding:0px;padding-bottom:0px;padding-top:0px;padding-left:0px;padding-right:0px\" align=\"start\"><span style=\"font-size:20px;font-family:arial, helvetica, sans-serif\"><strong>2 x photor\u00e9sistance<\/strong><\/span><\/p>\n<p style=\", Roboto, Arial, Helvetica, sans-serif, SimSun;font-size:14px;font-weight:400;letter-spacing:normal;line-height:inherit;text-align:start;margin:0px;margin-bottom:0px;margin-top:0px;margin-left:0px;margin-right:0px;padding:0px;padding-bottom:0px;padding-top:0px;padding-left:0px;padding-right:0px\" align=\"start\"><span style=\"font-size:20px;font-family:arial, helvetica, sans-serif\"><strong>1 x thermistance<\/strong><\/span><\/p>\n<p style=\", Roboto, Arial, Helvetica, sans-serif, SimSun;font-size:14px;font-weight:400;letter-spacing:normal;line-height:inherit;text-align:start;margin:0px;margin-bottom:0px;margin-top:0px;margin-left:0px;margin-right:0px;padding:0px;padding-bottom:0px;padding-top:0px;padding-left:0px;padding-right:0px\" align=\"start\"><span style=\"font-size:20px;font-family:arial, helvetica, sans-serif\"><strong>5 x redresseur \u00e0 diode (1N4007)<\/strong><\/span><\/p>\n<p style=\", Roboto, Arial, Helvetica, sans-serif, SimSun;font-size:14px;font-weight:400;letter-spacing:normal;line-height:inherit;text-align:start;margin:0px;margin-bottom:0px;margin-top:0px;margin-left:0px;margin-right:0px;padding:0px;padding-bottom:0px;padding-top:0px;padding-left:0px;padding-right:0px\" align=\"start\"><span style=\"font-size:20px;font-family:arial, helvetica, sans-serif\"><strong>5 x transistors NPN (PN2222)<\/strong><\/span><\/p>\n<p style=\", Roboto, Arial, Helvetica, sans-serif, SimSun;font-size:14px;font-weight:400;letter-spacing:normal;line-height:inherit;text-align:start;margin:0px;margin-bottom:0px;margin-top:0px;margin-left:0px;margin-right:0px;padding:0px;padding-bottom:0px;padding-top:0px;padding-left:0px;padding-right:0px\" align=\"start\"><span style=\"font-size:20px;font-family:arial, helvetica, sans-serif\"><strong>1 x IC 4N35<\/strong><\/span><\/p>\n<p style=\", Roboto, Arial, Helvetica, sans-serif, SimSun;font-size:14px;font-weight:400;letter-spacing:normal;line-height:inherit;text-align:start;margin:0px;margin-bottom:0px;margin-top:0px;margin-left:0px;margin-right:0px;padding:0px;padding-bottom:0px;padding-top:0px;padding-left:0px;padding-right:0px\" align=\"start\"><span style=\"font-size:20px;font-family:arial, helvetica, sans-serif\"><strong>1 circuit int\u00e9gr\u00e9 74HC595<\/strong><\/span><\/p>\n<p style=\", Roboto, Arial, Helvetica, sans-serif, SimSun;font-size:14px;font-weight:400;letter-spacing:normal;line-height:inherit;text-align:start;margin:0px;margin-bottom:0px;margin-top:0px;margin-left:0px;margin-right:0px;padding:0px;padding-bottom:0px;padding-top:0px;padding-left:0px;padding-right:0px\" align=\"start\"><span style=\"font-size:20px;font-family:arial, helvetica, sans-serif\"><strong>1 x buzzer actif<\/strong><\/span><\/p>\n<p style=\", Roboto, Arial, Helvetica, sans-serif, SimSun;font-size:14px;font-weight:400;letter-spacing:normal;line-height:inherit;text-align:start;margin:0px;margin-bottom:0px;margin-top:0px;margin-left:0px;margin-right:0px;padding:0px;padding-bottom:0px;padding-top:0px;padding-left:0px;padding-right:0px\" align=\"start\"><span style=\"font-size:20px;font-family:arial, helvetica, sans-serif\"><strong>1 x buzzer passif<\/strong><\/span><\/p>\n<p style=\", Roboto, Arial, Helvetica, sans-serif, SimSun;font-size:14px;font-weight:400;letter-spacing:normal;line-height:inherit;text-align:start;margin:0px;margin-bottom:0px;margin-top:0px;margin-left:0px;margin-right:0px;padding:0px;padding-bottom:0px;padding-top:0px;padding-left:0px;padding-right:0px\" align=\"start\"><span style=\"font-size:20px;font-family:arial, helvetica, sans-serif\"><strong>10 x bouton (petit)<\/strong><\/span><\/p>\n<p style=\", Roboto, Arial, Helvetica, sans-serif, SimSun;font-size:14px;font-weight:400;letter-spacing:normal;line-height:inherit;text-align:start;margin:0px;margin-bottom:0px;margin-top:0px;margin-left:0px;margin-right:0px;padding:0px;padding-bottom:0px;padding-top:0px;padding-left:0px;padding-right:0px\" align=\"start\"><span style=\"font-size:20px;font-family:arial, helvetica, sans-serif\"><strong>Condensateur c\u00e9ramique 10x22pf<\/strong><\/span><\/p>\n<p style=\", Roboto, Arial, Helvetica, sans-serif, SimSun;font-size:14px;font-weight:400;letter-spacing:normal;line-height:inherit;text-align:start;margin:0px;margin-bottom:0px;margin-top:0px;margin-left:0px;margin-right:0px;padding:0px;padding-bottom:0px;padding-top:0px;padding-left:0px;padding-right:0px\" align=\"start\"><span style=\"font-size:20px;font-family:arial, helvetica, sans-serif\"><strong>Condensateur en c\u00e9ramique 10&#215;104<\/strong><\/span><\/p>\n<p style=\", Roboto, Arial, Helvetica, sans-serif, SimSun;font-size:14px;font-weight:400;letter-spacing:normal;line-height:inherit;text-align:start;margin:0px;margin-bottom:0px;margin-top:0px;margin-left:0px;margin-right:0px;padding:0px;padding-bottom:0px;padding-top:0px;padding-left:0px;padding-right:0px\" align=\"start\"><span style=\"font-size:20px;font-family:arial, helvetica, sans-serif\"><strong>5 x condensateur \u00e9lectrolytique (10UF 50V)<\/strong><\/span><\/p>\n<p style=\", Roboto, Arial, Helvetica, sans-serif, SimSun;font-size:14px;font-weight:400;letter-spacing:normal;line-height:inherit;text-align:start;margin:0px;margin-bottom:0px;margin-top:0px;margin-left:0px;margin-right:0px;padding:0px;padding-bottom:0px;padding-top:0px;padding-left:0px;padding-right:0px\" align=\"start\"><span style=\"font-size:20px;font-family:arial, helvetica, sans-serif\"><strong>5 x condensateur \u00e9lectrolytique (100 UF 50 V)<\/strong><\/span><\/p>\n<p style=\", Roboto, Arial, Helvetica, sans-serif, SimSun;font-size:14px;font-weight:400;letter-spacing:normal;line-height:inherit;text-align:start;margin:0px;margin-bottom:0px;margin-top:0px;margin-left:0px;margin-right:0px;padding:0px;padding-bottom:0px;padding-top:0px;padding-left:0px;padding-right:0px\" align=\"start\"><span style=\"font-size:20px;font-family:arial, helvetica, sans-serif\"><strong>10 x LED blanche<\/strong><\/span><\/p>\n<p style=\", Roboto, Arial, Helvetica, sans-serif, SimSun;font-size:14px;font-weight:400;letter-spacing:normal;line-height:inherit;text-align:start;margin:0px;margin-bottom:0px;margin-top:0px;margin-left:0px;margin-right:0px;padding:0px;padding-bottom:0px;padding-top:0px;padding-left:0px;padding-right:0px\" align=\"start\"><span style=\"font-size:20px;font-family:arial, helvetica, sans-serif\"><strong>10 x LED jaunes<\/strong><\/span><\/p>\n<p style=\", Roboto, Arial, Helvetica, sans-serif, SimSun;font-size:14px;font-weight:400;letter-spacing:normal;line-height:inherit;text-align:start;margin:0px;margin-bottom:0px;margin-top:0px;margin-left:0px;margin-right:0px;padding:0px;padding-bottom:0px;padding-top:0px;padding-left:0px;padding-right:0px\" align=\"start\"><span style=\"font-size:20px;font-family:arial, helvetica, sans-serif\"><strong>10 x LED bleue<\/strong><\/span><\/p>\n<p style=\", Roboto, Arial, Helvetica, sans-serif, SimSun;font-size:14px;font-weight:400;letter-spacing:normal;line-height:inherit;text-align:start;margin:0px;margin-bottom:0px;margin-top:0px;margin-left:0px;margin-right:0px;padding:0px;padding-bottom:0px;padding-top:0px;padding-left:0px;padding-right:0px\" align=\"start\"><span style=\"font-size:20px;font-family:arial, helvetica, sans-serif\"><strong>10 x LED verte<\/strong><\/span><\/p>\n<p style=\", Roboto, Arial, Helvetica, sans-serif, SimSun;font-size:14px;font-weight:400;letter-spacing:normal;line-height:inherit;text-align:start;margin:0px;margin-bottom:0px;margin-top:0px;margin-left:0px;margin-right:0px;padding:0px;padding-bottom:0px;padding-top:0px;padding-left:0px;padding-right:0px\" align=\"start\"><span style=\"font-size:20px;font-family:arial, helvetica, sans-serif\"><strong>10 x LED rouge<\/strong><\/span><\/p>\n<p style=\", Roboto, Arial, Helvetica, sans-serif, SimSun;font-size:14px;font-weight:400;letter-spacing:normal;line-height:inherit;text-align:start;margin:0px;margin-bottom:0px;margin-top:0px;margin-left:0px;margin-right:0px;padding:0px;padding-bottom:0px;padding-top:0px;padding-left:0px;padding-right:0px\" align=\"start\"><span style=\"font-size:20px;font-family:arial, helvetica, sans-serif\"><strong>1 x LED RVB<\/strong><\/span><\/p>\n<p style=\", Roboto, Arial, Helvetica, sans-serif, SimSun;font-size:14px;font-weight:400;letter-spacing:normal;line-height:inherit;text-align:start;margin:0px;margin-bottom:0px;margin-top:0px;margin-left:0px;margin-right:0px;padding:0px;padding-bottom:0px;padding-top:0px;padding-left:0px;padding-right:0px\" align=\"start\"><span style=\"font-size:20px;font-family:arial, helvetica, sans-serif\"><strong>10 x r\u00e9sistance (10R)<\/strong><\/span><\/p>\n<p style=\", Roboto, Arial, Helvetica, sans-serif, SimSun;font-size:14px;font-weight:400;letter-spacing:normal;line-height:inherit;text-align:start;margin:0px;margin-bottom:0px;margin-top:0px;margin-left:0px;margin-right:0px;padding:0px;padding-bottom:0px;padding-top:0px;padding-left:0px;padding-right:0px\" align=\"start\"><span style=\"font-size:20px;font-family:arial, helvetica, sans-serif\"><strong>10 x r\u00e9sistance (100R)<\/strong><\/span><\/p>\n<p style=\", Roboto, Arial, Helvetica, sans-serif, SimSun;font-size:14px;font-weight:400;letter-spacing:normal;line-height:inherit;text-align:start;margin:0px;margin-bottom:0px;margin-top:0px;margin-left:0px;margin-right:0px;padding:0px;padding-bottom:0px;padding-top:0px;padding-left:0px;padding-right:0px\" align=\"start\"><span style=\"font-size:20px;font-family:arial, helvetica, sans-serif\"><strong>10 x r\u00e9sistance (220R)<\/strong><\/span><\/p>\n<p style=\", Roboto, Arial, Helvetica, sans-serif, SimSun;font-size:14px;font-weight:400;letter-spacing:normal;line-height:inherit;text-align:start;margin:0px;margin-bottom:0px;margin-top:0px;margin-left:0px;margin-right:0px;padding:0px;padding-bottom:0px;padding-top:0px;padding-left:0px;padding-right:0px\" align=\"start\"><span style=\"font-size:20px;font-family:arial, helvetica, sans-serif\"><strong>10 x r\u00e9sistance (330R)<\/strong><\/span><\/p>\n<p style=\", Roboto, Arial, Helvetica, sans-serif, SimSun;font-size:14px;font-weight:400;letter-spacing:normal;line-height:inherit;text-align:start;margin:0px;margin-bottom:0px;margin-top:0px;margin-left:0px;margin-right:0px;padding:0px;padding-bottom:0px;padding-top:0px;padding-left:0px;padding-right:0px\" align=\"start\"><span style=\"font-size:20px;font-family:arial, helvetica, sans-serif\"><strong>10 x r\u00e9sistance (1K)<\/strong><\/span><\/p>\n<p style=\", Roboto, Arial, Helvetica, sans-serif, SimSun;font-size:14px;font-weight:400;letter-spacing:normal;line-height:inherit;text-align:start;margin:0px;margin-bottom:0px;margin-top:0px;margin-left:0px;margin-right:0px;padding:0px;padding-bottom:0px;padding-top:0px;padding-left:0px;padding-right:0px\" align=\"start\"><span style=\"font-size:20px;font-family:arial, helvetica, sans-serif\"><strong>10 x r\u00e9sistance (2K)<\/strong><\/span><\/p>\n<p style=\", Roboto, Arial, Helvetica, sans-serif, SimSun;font-size:14px;font-weight:400;letter-spacing:normal;line-height:inherit;text-align:start;margin:0px;margin-bottom:0px;margin-top:0px;margin-left:0px;margin-right:0px;padding:0px;padding-bottom:0px;padding-top:0px;padding-left:0px;padding-right:0px\" align=\"start\"><span style=\"font-size:20px;font-family:arial, helvetica, sans-serif\"><strong>10 x r\u00e9sistance (5K1)<\/strong><\/span><\/p>\n<p style=\", Roboto, Arial, Helvetica, sans-serif, SimSun;font-size:14px;font-weight:400;letter-spacing:normal;line-height:inherit;text-align:start;margin:0px;margin-bottom:0px;margin-top:0px;margin-left:0px;margin-right:0px;padding:0px;padding-bottom:0px;padding-top:0px;padding-left:0px;padding-right:0px\" align=\"start\"><span style=\"font-size:20px;font-family:arial, helvetica, sans-serif\"><strong>10 x r\u00e9sistance (10K)<\/strong><\/span><\/p>\n<p style=\", Roboto, Arial, Helvetica, sans-serif, SimSun;font-size:14px;font-weight:400;letter-spacing:normal;line-height:inherit;text-align:start;margin:0px;margin-bottom:0px;margin-top:0px;margin-left:0px;margin-right:0px;padding:0px;padding-bottom:0px;padding-top:0px;padding-left:0px;padding-right:0px\" align=\"start\"><span style=\"font-size:20px;font-family:arial, helvetica, sans-serif\"><strong>10 x r\u00e9sistance (100K)<\/strong><\/span><\/p>\n<p style=\", Roboto, Arial, Helvetica, sans-serif, SimSun;font-size:14px;font-weight:400;letter-spacing:normal;line-height:inherit;text-align:start;margin:0px;margin-bottom:0px;margin-top:0px;margin-left:0px;margin-right:0px;padding:0px;padding-bottom:0px;padding-top:0px;padding-left:0px;padding-right:0px\" align=\"start\"><span style=\"font-size:20px;font-family:arial, helvetica, sans-serif\"><strong>10 x r\u00e9sistance (1M)<\/strong><\/span><\/p>\n<p style=\", Roboto, Arial, Helvetica, sans-serif, SimSun;font-size:14px;font-weight:400;letter-spacing:normal;line-height:inherit;text-align:start;margin:0px;margin-bottom:0px;margin-top:0px;margin-left:0px;margin-right:0px;padding:0px;padding-bottom:0px;padding-top:0px;padding-left:0px;padding-right:0px\" align=\"start\"><span style=\"font-size:20px;font-family:arial, helvetica, sans-serif\"><strong><\/strong><\/span><img decoding=\"async\" src=\"https:\/\/ae01.alicdn.com\/kf\/S96c518d1c71b4dc1be4f68eb90f68068o.jpg\"><span style=\"font-size:20px;font-family:arial, helvetica, sans-serif\"><strong><\/strong><\/span><\/p>\n<p style=\", Roboto, Arial, Helvetica, sans-serif, SimSun;font-size:14px;font-weight:400;letter-spacing:normal;line-height:inherit;text-align:start;margin:0px;margin-bottom:0px;margin-top:0px;margin-left:0px;margin-right:0px;padding:0px;padding-bottom:0px;padding-top:0px;padding-left:0px;padding-right:0px\" align=\"start\"><span style=\"font-size:20px;font-family:arial, helvetica, sans-serif\"><strong><\/strong><\/span><img decoding=\"async\" src=\"https:\/\/ae01.alicdn.com\/kf\/S4f1bd4618b5b42748fdead8d9102e2649.jpg\"><span style=\"font-size:20px;font-family:arial, helvetica, sans-serif\"><strong><\/strong><\/span><img decoding=\"async\" src=\"https:\/\/ae01.alicdn.com\/kf\/Sc28251f05934414da7b925ba8a0800c3M.jpg\"><span style=\"font-size:20px;font-family:arial, helvetica, sans-serif\"><strong><\/strong><\/span><img decoding=\"async\" src=\"https:\/\/ae01.alicdn.com\/kf\/Sdd7052ce11c743bcaca7d28446bf996fQ.jpg\"><span style=\"font-size:20px;font-family:arial, helvetica, sans-serif\"><strong><\/strong><\/span><img decoding=\"async\" src=\"https:\/\/ae01.alicdn.com\/kf\/S7edbbef607d94accbaa3e124e587e3f2i.jpg\"><span style=\"font-size:20px;font-family:arial, helvetica, sans-serif\"><strong><\/strong><\/span><\/p>\n<\/div>\n<\/div>","protected":false},"excerpt":{"rendered":"<p>Kit de bricolage de d\u00e9marreur \u00e9lectronique de projet de bricolage avec planche \u00e0 pain de planche \u00e0 pain de 830 Points d&rsquo;arrimage pour ensemble de composants \u00e9lectroniques R3 avec bo\u00eete Le forfait comprend : 1 x module d&rsquo;alimentation 1 planche \u00e0 pain 830 points d&rsquo;attache Fil de raccordement 1&#215;65 140 x fil de cavalier sans&hellip;<\/p>","protected":false},"featured_media":2526,"comment_status":"closed","ping_status":"closed","template":"","meta":[],"product_brand":[],"product_cat":[540,289,291,314,315,288,290,284,286,313],"product_tag":[],"class_list":{"0":"post-2524","1":"product","2":"type-product","3":"status-publish","4":"has-post-thumbnail","6":"product_cat-arduino","7":"product_cat-cables-usb","8":"product_cat-electroniques","9":"product_cat-devices","10":"product_cat-drones","11":"product_cat-gadgets","12":"product_cat-informatique","13":"product_cat-maison-connectee","14":"product_cat-robotique-et-capteurs","15":"product_cat-technology","17":"first","18":"outofstock","19":"taxable","20":"shipping-taxable","21":"purchasable","22":"product-type-simple"},"_links":{"self":[{"href":"https:\/\/www.innovatingbytes.com\/en\/wp-json\/wp\/v2\/product\/2524","targetHints":{"allow":["GET"]}}],"collection":[{"href":"https:\/\/www.innovatingbytes.com\/en\/wp-json\/wp\/v2\/product"}],"about":[{"href":"https:\/\/www.innovatingbytes.com\/en\/wp-json\/wp\/v2\/types\/product"}],"replies":[{"embeddable":true,"href":"https:\/\/www.innovatingbytes.com\/en\/wp-json\/wp\/v2\/comments?post=2524"}],"version-history":[{"count":0,"href":"https:\/\/www.innovatingbytes.com\/en\/wp-json\/wp\/v2\/product\/2524\/revisions"}],"wp:featuredmedia":[{"embeddable":true,"href":"https:\/\/www.innovatingbytes.com\/en\/wp-json\/wp\/v2\/media\/2526"}],"wp:attachment":[{"href":"https:\/\/www.innovatingbytes.com\/en\/wp-json\/wp\/v2\/media?parent=2524"}],"wp:term":[{"taxonomy":"product_brand","embeddable":true,"href":"https:\/\/www.innovatingbytes.com\/en\/wp-json\/wp\/v2\/product_brand?post=2524"},{"taxonomy":"product_cat","embeddable":true,"href":"https:\/\/www.innovatingbytes.com\/en\/wp-json\/wp\/v2\/product_cat?post=2524"},{"taxonomy":"product_tag","embeddable":true,"href":"https:\/\/www.innovatingbytes.com\/en\/wp-json\/wp\/v2\/product_tag?post=2524"}],"curies":[{"name":"wp","href":"https:\/\/api.w.org\/{rel}","templated":true}]}}