{"id":2487,"date":"2025-10-14T15:10:30","date_gmt":"2025-10-14T13:10:30","guid":{"rendered":"https:\/\/www.innovatingbytes.com\/product\/kit-electronique-radio-fm-a-monter-soi-meme-frequence-reglable-87-108mhz-affichage-numerique-projet-de-soudage-pratique-du-soudage-rda5807s\/"},"modified":"2026-04-09T06:54:44","modified_gmt":"2026-04-09T04:54:44","slug":"kit-electronique-radio-fm-a-monter-soi-meme-frequence-reglable-87-108mhz-affichage-numerique-projet-de-soudage-pratique-du-soudage-rda5807s","status":"publish","type":"product","link":"https:\/\/www.innovatingbytes.com\/en\/product\/kit-electronique-radio-fm-a-monter-soi-meme-frequence-reglable-87-108mhz-affichage-numerique-projet-de-soudage-pratique-du-soudage-rda5807s\/","title":{"rendered":"Kit \u00e9lectronique Radio FM \u00e0 monter soi-m\u00eame"},"content":{"rendered":"<div class=\"detailmodule_html\">\n<div class=\"detail-desc-decorate-richtext\">\n<p><span style=\"font-size:24px\" id=\"tl_1\">Product selling points.<\/span><\/p>\n<p><span style=\"font-size:24px\" id=\"tl_2\">1. With shell \/ without shell optional<\/span><\/p>\n<p><span style=\"font-size:24px\" id=\"tl_3\">2. With the advantages of noise elimination, soft silence, bass enhancement, high sensitivity, low noise, strong anti-interference ability, etc.<\/span><\/p>\n<p><span style=\"font-size:24px\" id=\"tl_4\">3. With digital tube display<\/span><\/p>\n<p><span style=\"font-size:24px\" id=\"tl_5\">4. Using RDA5807s radio module, amplifier part of the TDA2822 power amplifier integrated circuit<\/span><\/p>\n<p><span style=\"font-size:24px\" id=\"tl_6\">5. Simple circuit, good sound quality<\/span><\/p>\n<p><span style=\"font-size:24px\" id=\"tl_7\">Product description.<\/span><\/p>\n<p><span style=\"font-size:24px\" id=\"tl_8\">The use of RDA5807S radio module, with global FM reception band compatible effect, with noise elimination, soft mute, bass enhancement, high sensitivity, low noise, strong anti-interference ability and other advantages<\/span><\/p>\n<p><span style=\"font-size:24px\" id=\"tl_9\">Power amplifier part using TDA2822 power amplifier integrated circuit, with a simple circuit sound quality, wide voltage range and other characteristics<\/span><\/p>\n<p><span style=\"font-size:24px\" id=\"tl_10\">Frequency range: 87-108MHz<\/span><\/p>\n<p><span style=\"font-size:24px\" id=\"tl_11\">Dual power supply: 5v cell phone charger power supply or 2 section five dry battery power supply<\/span><\/p>\n<p><img decoding=\"async\" style=\"width:1000px\" width=\"1000px\" src=\"https:\/\/ae01.alicdn.com\/kf\/Sa743ea58cb8d43da8f80065119aee1d8f.jpg\" \/><\/p>\n<p><img decoding=\"async\" style=\"width:1000px\" width=\"1000px\" src=\"https:\/\/ae01.alicdn.com\/kf\/S40331d0846424818a8e1a4080e9e53b4l.jpg\" \/><\/p>\n<p><img decoding=\"async\" style=\"width:1000px\" width=\"1000px\" src=\"https:\/\/ae01.alicdn.com\/kf\/S1ae6f5bda8de466593acc36417ad3dbca.jpg\" \/><\/p>\n<p><img decoding=\"async\" src=\"https:\/\/ae01.alicdn.com\/kf\/S17f490b5abd84eb3ae29efebd34148dcw.jpg\" \/><img decoding=\"async\" src=\"https:\/\/ae01.alicdn.com\/kf\/Sde0932e8f5e8444b871d67b9bbfa220eI.jpg\" \/><\/p>\n<p><img decoding=\"async\" style=\"width:1000px\" width=\"1000px\" src=\"https:\/\/ae01.alicdn.com\/kf\/Sd53e9029040a4040bcc0bcfd35eb068aW.jpg\" \/><\/p>\n<p><img decoding=\"async\" style=\"width:1000px\" width=\"1000px\" src=\"https:\/\/ae01.alicdn.com\/kf\/S826b1cd4684a40efb802fe38fc3a1d33U.jpg\" \/><\/p>\n<p><img decoding=\"async\" style=\"width:1000px\" width=\"1000px\" src=\"https:\/\/ae01.alicdn.com\/kf\/Sce0188dc94cf40aea1839726f7d526adk.jpg\" \/><\/p>\n<p><img decoding=\"async\" style=\"width:1000px\" width=\"1000px\" src=\"https:\/\/ae01.alicdn.com\/kf\/S78cc4a1324db449982ffd0faa9d401a1U.jpg\" \/><\/p>\n<p><img decoding=\"async\" style=\"width:1000px\" width=\"1000px\" src=\"https:\/\/ae01.alicdn.com\/kf\/Se273c9fddedf4bdaae087225f1ae4463w.jpg\" \/><\/p>\n<p><img decoding=\"async\" style=\"width:1000px\" width=\"1000px\" src=\"https:\/\/ae01.alicdn.com\/kf\/Sdd26f925f81747fcaed04d444d62d4c2j.jpg\" \/><\/p>\n<p><\/div>\n<\/div>","protected":false},"excerpt":{"rendered":"<p>Product selling points. 1. With shell \/ without shell optional 2. With the advantages of noise elimination, soft silence, bass enhancement, high sensitivity, low noise, strong anti-interference ability, etc. 3. With digital tube display 4. Using RDA5807s radio module, amplifier part of the TDA2822 power amplifier integrated circuit 5. Simple circuit, good sound quality Product&hellip;<\/p>","protected":false},"featured_media":2490,"comment_status":"closed","ping_status":"closed","template":"","meta":[],"product_brand":[],"product_cat":[946,286],"product_tag":[],"class_list":{"0":"post-2487","1":"product","2":"type-product","3":"status-publish","4":"has-post-thumbnail","6":"product_cat-jouets","7":"product_cat-robotique-et-capteurs","9":"first","10":"instock","11":"taxable","12":"shipping-taxable","13":"purchasable","14":"product-type-variable"},"_links":{"self":[{"href":"https:\/\/www.innovatingbytes.com\/en\/wp-json\/wp\/v2\/product\/2487","targetHints":{"allow":["GET"]}}],"collection":[{"href":"https:\/\/www.innovatingbytes.com\/en\/wp-json\/wp\/v2\/product"}],"about":[{"href":"https:\/\/www.innovatingbytes.com\/en\/wp-json\/wp\/v2\/types\/product"}],"replies":[{"embeddable":true,"href":"https:\/\/www.innovatingbytes.com\/en\/wp-json\/wp\/v2\/comments?post=2487"}],"version-history":[{"count":0,"href":"https:\/\/www.innovatingbytes.com\/en\/wp-json\/wp\/v2\/product\/2487\/revisions"}],"wp:featuredmedia":[{"embeddable":true,"href":"https:\/\/www.innovatingbytes.com\/en\/wp-json\/wp\/v2\/media\/2490"}],"wp:attachment":[{"href":"https:\/\/www.innovatingbytes.com\/en\/wp-json\/wp\/v2\/media?parent=2487"}],"wp:term":[{"taxonomy":"product_brand","embeddable":true,"href":"https:\/\/www.innovatingbytes.com\/en\/wp-json\/wp\/v2\/product_brand?post=2487"},{"taxonomy":"product_cat","embeddable":true,"href":"https:\/\/www.innovatingbytes.com\/en\/wp-json\/wp\/v2\/product_cat?post=2487"},{"taxonomy":"product_tag","embeddable":true,"href":"https:\/\/www.innovatingbytes.com\/en\/wp-json\/wp\/v2\/product_tag?post=2487"}],"curies":[{"name":"wp","href":"https:\/\/api.w.org\/{rel}","templated":true}]}}