{"id":2057,"date":"2025-10-14T13:02:29","date_gmt":"2025-10-14T11:02:29","guid":{"rendered":"https:\/\/www.innovatingbytes.com\/product\/unkas-commutateurs-intelligents-1-2-3-gang-wifi-tactile-interrupteur-de-lumiere-capteur-mural-commutateurs-tuya-controle-vie-intelligente-google-alexa\/"},"modified":"2026-04-08T07:00:56","modified_gmt":"2026-04-08T05:00:56","slug":"wifi-tactile-interrupteur-de-lumiere-capteur-mural","status":"publish","type":"product","link":"https:\/\/www.innovatingbytes.com\/en\/product\/wifi-tactile-interrupteur-de-lumiere-capteur-mural\/","title":{"rendered":"Wifi touch light switch wall sensor switches"},"content":{"rendered":"<div class=\"product-specs-list-container\">\n<ul class=\"product-specs-list util-clearfix\">\n<li class=\"product-prop line-limit-length\"><span class=\"property-title\">Produit chimique \u00e0 haute pr\u00e9occupation:&nbsp;<\/span><span class=\"property-desc line-limit-length\">Aucun<\/span>\n                        <\/li>\n<li class=\"product-prop line-limit-length\"><span class=\"property-title\">Actuelle:&nbsp;<\/span><span class=\"property-desc line-limit-length\">1A<\/span>\n                        <\/li>\n<li class=\"product-prop line-limit-length\"><span class=\"property-title\">Mat\u00e9riau:&nbsp;<\/span><span class=\"property-desc line-limit-length\">plastique<\/span>\n                        <\/li>\n<li class=\"product-prop line-limit-length\"><span class=\"property-title\">Certification:&nbsp;<\/span><span class=\"property-desc line-limit-length\">ROHS,ce<\/span>\n                        <\/li>\n<li class=\"product-prop line-limit-length\"><span class=\"property-title\">Type de d\u00e9coupage:&nbsp;<\/span><span class=\"property-desc line-limit-length\">Interrupteur marche\/arr\u00eat<\/span>\n                        <\/li>\n<li class=\"product-prop line-limit-length\"><span class=\"property-title\">Garantie:&nbsp;<\/span><span class=\"property-desc line-limit-length\">1<\/span>\n                        <\/li>\n<li class=\"product-prop line-limit-length\"><span class=\"property-title\">Num\u00e9ro de Mod\u00e8le:&nbsp;<\/span><span class=\"property-desc line-limit-length\">A-WF-01WF-1T<\/span>\n                        <\/li>\n<li class=\"product-prop line-limit-length\"><span class=\"property-title\">Caract\u00e9ristiques:&nbsp;<\/span><span class=\"property-desc line-limit-length\">EU\/UK Wifi Tuya Touch Switch<\/span>\n                        <\/li>\n<li class=\"product-prop line-limit-length\"><span class=\"property-title\">Type D&rsquo;article:&nbsp;<\/span><span class=\"property-desc line-limit-length\">Commutateurs<\/span>\n                        <\/li>\n<li class=\"product-prop line-limit-length\"><span class=\"property-title\">Nom de marque:&nbsp;<\/span><span class=\"property-desc line-limit-length\">UNKAS<\/span>\n                        <\/li>\n<li class=\"product-prop line-limit-length\"><span class=\"property-title\">Est dispositif intelligent:&nbsp;<\/span><span class=\"property-desc line-limit-length\">Oui<\/span>\n                        <\/li>\n<li class=\"product-prop line-limit-length\"><span class=\"property-title\">Origine:&nbsp;<\/span><span class=\"property-desc line-limit-length\">CN (Origine)<\/span>\n                        <\/li>\n<li class=\"product-prop line-limit-length\"><span class=\"property-title\">Switch Type:&nbsp;<\/span><span class=\"property-desc line-limit-length\">APP Control<\/span>\n                        <\/li>\n<li class=\"product-prop line-limit-length\"><span class=\"property-title\">Input Voltage:&nbsp;<\/span><span class=\"property-desc line-limit-length\">AC 220V 50\/60HZ<\/span>\n                        <\/li>\n<li class=\"product-prop line-limit-length\"><span class=\"property-title\">Wi-Fi Protocol:&nbsp;<\/span><span class=\"property-desc line-limit-length\">IEEE 802.11 b\/g\/n<\/span>\n                        <\/li>\n<li class=\"product-prop line-limit-length\"><span class=\"property-title\">Support:&nbsp;<\/span><span class=\"property-desc line-limit-length\">WiFi 2.4G app connection (PS<\/span>\n                        <\/li>\n<li class=\"product-prop line-limit-length\"><span class=\"property-title\">Use for:&nbsp;<\/span><span class=\"property-desc line-limit-length\">APP<\/span>\n                        <\/li>\n<\/ul><\/div>\n<div class=\"detailmodule_html\">\n<div class=\"detail-desc-decorate-richtext\">\n<div class=\"detailmodule_html\">\n<div class=\"detail-desc-decorate-richtext\">\n<div>\n   <span style=\"font-size:26px;font-family:tahoma, geneva, sans-serif\" id=\"tl_1\">UNKAS commutateurs intelligents 1\/2\/3 gangs Wifi interrupteur d&rsquo;&eacute;clairage tactile commutateurs de capteur mural<\/span>\n  <\/div>\n<div>\n   &nbsp;\n  <\/div>\n<div>\n   <span style=\"font-size:26px;font-family:tahoma, geneva, sans-serif\" id=\"tl_2\">Tuya contr&ocirc;le vie intelligente Google Alexa<\/span>\n  <\/div>\n<div>\n   &nbsp;\n  <\/div>\n<p><img decoding=\"async\" src=\"https:\/\/ae01.alicdn.com\/kf\/Sc825eeae4f6f47b1b2f3e99c7e2ddf9bX.jpg\" \/><img decoding=\"async\" src=\"https:\/\/ae01.alicdn.com\/kf\/S7c80a52603064c119500c9868d5b8fe1H.jpg\" \/><img decoding=\"async\" src=\"https:\/\/ae01.alicdn.com\/kf\/S05ccf76fed914f51b4ed0457010ee038I.jpg\" \/><img decoding=\"async\" src=\"https:\/\/ae01.alicdn.com\/kf\/S85499b7e7743437aaf00d04a0b6486af1.jpg\" \/><\/p>\n<div>\n   \n  <\/div>\n<\/p><\/div>\n<\/div>\n<p><\/p>\n<\/div>\n<\/div>","protected":false},"excerpt":{"rendered":"<p>Produit chimique \u00e0 haute pr\u00e9occupation:&nbsp;Aucun Actuelle:&nbsp;1A Mat\u00e9riau:&nbsp;plastique Certification:&nbsp;ROHS,ce Type de d\u00e9coupage:&nbsp;Interrupteur marche\/arr\u00eat Garantie:&nbsp;1 Num\u00e9ro de Mod\u00e8le:&nbsp;A-WF-01WF-1T Caract\u00e9ristiques:&nbsp;EU\/UK Wifi Tuya Touch Switch Type D&rsquo;article:&nbsp;Commutateurs Nom de marque:&nbsp;UNKAS Est dispositif intelligent:&nbsp;Oui Origine:&nbsp;CN (Origine) Switch Type:&nbsp;APP Control Input Voltage:&nbsp;AC 220V 50\/60HZ Wi-Fi Protocol:&nbsp;IEEE 802.11 b\/g\/n Support:&nbsp;WiFi 2.4G app connection (PS Use for:&nbsp;APP UNKAS commutateurs intelligents 1\/2\/3 gangs Wifi&hellip;<\/p>","protected":false},"featured_media":2058,"comment_status":"closed","ping_status":"closed","template":"","meta":[],"product_brand":[],"product_cat":[314,287,290,284,286,313],"product_tag":[],"class_list":{"0":"post-2057","1":"product","2":"type-product","3":"status-publish","4":"has-post-thumbnail","6":"product_cat-devices","7":"product_cat-eclairage","8":"product_cat-informatique","9":"product_cat-maison-connectee","10":"product_cat-robotique-et-capteurs","11":"product_cat-technology","13":"first","14":"instock","15":"taxable","16":"shipping-taxable","17":"purchasable","18":"product-type-variable"},"_links":{"self":[{"href":"https:\/\/www.innovatingbytes.com\/en\/wp-json\/wp\/v2\/product\/2057","targetHints":{"allow":["GET"]}}],"collection":[{"href":"https:\/\/www.innovatingbytes.com\/en\/wp-json\/wp\/v2\/product"}],"about":[{"href":"https:\/\/www.innovatingbytes.com\/en\/wp-json\/wp\/v2\/types\/product"}],"replies":[{"embeddable":true,"href":"https:\/\/www.innovatingbytes.com\/en\/wp-json\/wp\/v2\/comments?post=2057"}],"version-history":[{"count":0,"href":"https:\/\/www.innovatingbytes.com\/en\/wp-json\/wp\/v2\/product\/2057\/revisions"}],"wp:featuredmedia":[{"embeddable":true,"href":"https:\/\/www.innovatingbytes.com\/en\/wp-json\/wp\/v2\/media\/2058"}],"wp:attachment":[{"href":"https:\/\/www.innovatingbytes.com\/en\/wp-json\/wp\/v2\/media?parent=2057"}],"wp:term":[{"taxonomy":"product_brand","embeddable":true,"href":"https:\/\/www.innovatingbytes.com\/en\/wp-json\/wp\/v2\/product_brand?post=2057"},{"taxonomy":"product_cat","embeddable":true,"href":"https:\/\/www.innovatingbytes.com\/en\/wp-json\/wp\/v2\/product_cat?post=2057"},{"taxonomy":"product_tag","embeddable":true,"href":"https:\/\/www.innovatingbytes.com\/en\/wp-json\/wp\/v2\/product_tag?post=2057"}],"curies":[{"name":"wp","href":"https:\/\/api.w.org\/{rel}","templated":true}]}}