{"id":1039,"date":"2021-12-21T20:12:56","date_gmt":"2021-12-21T20:12:56","guid":{"rendered":"https:\/\/www.innovatingbytes.com\/about-us\/"},"modified":"2025-11-05T16:51:43","modified_gmt":"2025-11-05T15:51:43","slug":"about-us","status":"publish","type":"page","link":"https:\/\/www.innovatingbytes.com\/en\/about-us\/","title":{"rendered":"\u00c0 propos de nous"},"content":{"rendered":"<div data-elementor-type=\"wp-page\" data-elementor-id=\"1039\" class=\"elementor elementor-1039\">\n\t\t\t\t<div class=\"elementor-element elementor-element-67fce6e8 e-flex e-con-boxed e-con e-parent\" data-id=\"67fce6e8\" data-element_type=\"container\" data-e-type=\"container\">\n\t\t\t\t\t<div class=\"e-con-inner\">\n\t\t<div class=\"elementor-element elementor-element-3f13971 e-con-full e-flex e-con e-child\" data-id=\"3f13971\" data-element_type=\"container\" data-e-type=\"container\">\n\t\t\t\t<div class=\"elementor-element elementor-element-c79c598 elementor-widget elementor-widget-image\" data-id=\"c79c598\" data-element_type=\"widget\" data-e-type=\"widget\" data-widget_type=\"image.default\">\n\t\t\t\t\t\t\t\t\t\t\t\t\t\t\t<img fetchpriority=\"high\" decoding=\"async\" width=\"847\" height=\"565\" src=\"https:\/\/www.innovatingbytes.com\/wp-content\/uploads\/2025\/11\/Produits-tendance-pour-les-passionnes-de-technologie2-1-1024x683.jpg\" class=\"attachment-large size-large wp-image-3955\" alt=\"\" srcset=\"https:\/\/www.innovatingbytes.com\/wp-content\/uploads\/2025\/11\/Produits-tendance-pour-les-passionnes-de-technologie2-1-1024x683.jpg 1024w, https:\/\/www.innovatingbytes.com\/wp-content\/uploads\/2025\/11\/Produits-tendance-pour-les-passionnes-de-technologie2-1-300x200.jpg 300w, https:\/\/www.innovatingbytes.com\/wp-content\/uploads\/2025\/11\/Produits-tendance-pour-les-passionnes-de-technologie2-1-768x512.jpg 768w, https:\/\/www.innovatingbytes.com\/wp-content\/uploads\/2025\/11\/Produits-tendance-pour-les-passionnes-de-technologie2-1-1536x1024.jpg 1536w, https:\/\/www.innovatingbytes.com\/wp-content\/uploads\/2025\/11\/Produits-tendance-pour-les-passionnes-de-technologie2-1-2048x1366.jpg 2048w, https:\/\/www.innovatingbytes.com\/wp-content\/uploads\/2025\/11\/Produits-tendance-pour-les-passionnes-de-technologie2-1-600x400.jpg 600w\" sizes=\"(max-width: 847px) 100vw, 847px\" \/>\t\t\t\t\t\t\t\t\t\t\t\t\t\t\t<\/div>\n\t\t\t\t<div class=\"elementor-element elementor-element-1378c6a elementor-widget elementor-widget-text-editor\" data-id=\"1378c6a\" data-element_type=\"widget\" data-e-type=\"widget\" data-widget_type=\"text-editor.default\">\n\t\t\t\t\t\t\t\t\t<p><span style=\"background-color: transparent; color: #192a3d; font-family: Merriweather, sans-serif; font-size: 35px; font-weight: bold;\">Notre histoire<\/span><\/p>\n<p><!-- \/wp:paragraph --><!-- wp:paragraph --><\/p>\n<p><span style=\"font-size: revert; background-color: transparent; color: var(--theme-text-color); font-family: var(--theme-font-family); font-style: var(--theme-font-style, inherit); font-weight: var(--theme-font-weight); letter-spacing: var(--theme-letter-spacing); text-transform: var(--theme-text-transform);\"><strong>Innovating Bytes<\/strong> est une entreprise de vente de technologies avant-gardiste bas\u00e9e \u00e0 Paris, en France. Depuis sa cr\u00e9ation en 2020, elle s&rsquo;est concentr\u00e9e sur la fourniture de solutions logicielles et mat\u00e9rielles de pointe adapt\u00e9es aux entreprises de toutes tailles. <\/span><\/p>\n<p><!-- \/wp:paragraph --><!-- wp:paragraph --><\/p>\n<p><span style=\"font-size: revert; background-color: transparent; color: var(--theme-text-color); font-family: var(--theme-font-family); font-style: var(--theme-font-style, inherit); font-weight: var(--theme-font-weight); letter-spacing: var(--theme-letter-spacing); text-transform: var(--theme-text-transform);\">Les clients appr\u00e9cient <strong>Innovating Bytes<\/strong><\/span> <span style=\"font-size: revert; background-color: transparent; color: var(--theme-text-color); font-family: var(--theme-font-family); font-style: var(--theme-font-style, inherit); font-weight: var(--theme-font-weight); letter-spacing: var(--theme-letter-spacing); text-transform: var(--theme-text-transform);\">pour ses prix comp\u00e9titifs, son vaste choix et son personnel comp\u00e9tent, qui conna\u00eet bien les derni\u00e8res tendances du secteur. L&rsquo;engagement de l&rsquo;entreprise \u00e0 offrir un service client exceptionnel garantit \u00e0 ses clients de b\u00e9n\u00e9ficier de conseils d&rsquo;experts pour trouver la technologie id\u00e9ale pour leurs besoins. <\/span><\/p>\n<p><!-- \/wp:paragraph --><!-- wp:paragraph --><\/p>\n<p><span style=\"font-size: revert; background-color: transparent; color: var(--theme-text-color); font-family: var(--theme-font-family); font-style: var(--theme-font-style, inherit); font-weight: var(--theme-font-weight); letter-spacing: var(--theme-letter-spacing); text-transform: var(--theme-text-transform);\"><strong>Innovating Bytes<\/strong> vise \u00e0 donner aux entreprises les moyens d&rsquo;am\u00e9liorer leur efficacit\u00e9 et leur productivit\u00e9 gr\u00e2ce \u00e0 des solutions technologiques innovantes.<\/span><\/p>\t\t\t\t\t\t\t\t<\/div>\n\t\t\t\t<\/div>\n\t\t<div class=\"elementor-element elementor-element-ce4f972 e-con-full e-flex e-con e-child\" data-id=\"ce4f972\" data-element_type=\"container\" data-e-type=\"container\">\n\t\t\t\t<div class=\"elementor-element elementor-element-e6600ba elementor-widget elementor-widget-heading\" data-id=\"e6600ba\" data-element_type=\"widget\" data-e-type=\"widget\" data-widget_type=\"heading.default\">\n\t\t\t\t\t<h2 class=\"elementor-heading-title elementor-size-default\">Design Studio<\/h2>\t\t\t\t<\/div>\n\t\t\t\t<div class=\"elementor-element elementor-element-001d215 elementor-widget elementor-widget-text-editor\" data-id=\"001d215\" data-element_type=\"widget\" data-e-type=\"widget\" data-widget_type=\"text-editor.default\">\n\t\t\t\t\t\t\t\t\t<p><!-- \/wp:paragraph --><!-- wp:heading --><\/p>\n<p><!-- \/wp:heading --><!-- wp:paragraph --><\/p>\n<p>Fond\u00e9e avec la passion de l\u2019innovation et du progr\u00e8s, <span style=\"font-size: revert; background-color: transparent; color: var(--theme-text-color); font-family: var(--theme-font-family); font-style: var(--theme-font-style, inherit); font-weight: var(--theme-font-weight); letter-spacing: var(--theme-letter-spacing); text-transform: var(--theme-text-transform);\"><strong>Innovating Bytes<\/strong><\/span> est une entreprise sp\u00e9cialis\u00e9e dans la <strong>vente en ligne de produits technologiques<\/strong>. Notre mission est de rendre la technologie de pointe <strong>accessible \u00e0 tous<\/strong>, tout en offrant une exp\u00e9rience d\u2019achat fluide, rapide et s\u00e9curis\u00e9e.<\/p>\n<p><!-- \/wp:paragraph --><!-- wp:paragraph --><\/p>\n<p>At <strong><span style=\"font-size: revert; background-color: transparent; color: var(--theme-text-color); font-family: var(--theme-font-family); font-style: var(--theme-font-style, inherit); font-weight: var(--theme-font-weight); letter-spacing: var(--theme-letter-spacing); text-transform: var(--theme-text-transform);\">Innovating Bytes<\/span><\/strong>, nous croyons que la technologie doit simplifier la vie quotidienne. C\u2019est pourquoi nous proposons une <strong>large gamme de produits<\/strong> soigneusement s\u00e9lectionn\u00e9s : ordinateurs portables performants, smartphones dernier cri, accessoires connect\u00e9s, objets intelligents pour la maison, et bien plus encore.<\/p>\n<p><!-- \/wp:paragraph --><!-- wp:paragraph --><\/p>\n<p>Nous collaborons avec les <strong>meilleures marques mondiales<\/strong> pour garantir la qualit\u00e9, la durabilit\u00e9 et la performance de chaque article. Gr\u00e2ce \u00e0 notre <strong>plateforme en ligne intuitive<\/strong>, nos clients peuvent comparer, choisir et commander leurs produits pr\u00e9f\u00e9r\u00e9s en toute confiance, avec des <strong>livraisons rapides<\/strong> et un <strong>service client r\u00e9actif<\/strong> \u00e0 leur \u00e9coute.<\/p>\n<p><!-- \/wp:paragraph --><!-- wp:paragraph --><\/p>\n<p>Notre vision est de devenir une <strong>r\u00e9f\u00e9rence dans le commerce \u00e9lectronique technologique<\/strong>, en offrant non seulement des produits de qualit\u00e9, mais aussi une exp\u00e9rience utilisateur exemplaire fond\u00e9e sur la <strong>confiance, l\u2019innovation et la satisfaction client<\/strong>.<\/p>\t\t\t\t\t\t\t\t<\/div>\n\t\t\t\t<\/div>\n\t\t<div class=\"elementor-element elementor-element-171955a e-con-full e-flex e-con e-child\" data-id=\"171955a\" data-element_type=\"container\" data-e-type=\"container\">\n\t\t\t\t<div class=\"elementor-element elementor-element-724d77c elementor-widget elementor-widget-heading\" data-id=\"724d77c\" data-element_type=\"widget\" data-e-type=\"widget\" data-widget_type=\"heading.default\">\n\t\t\t\t\t<h2 class=\"elementor-heading-title elementor-size-default\">Meet our Team<\/h2>\t\t\t\t<\/div>\n\t\t\t\t<div class=\"elementor-element elementor-element-5f71085 elementor-widget elementor-widget-image\" data-id=\"5f71085\" data-element_type=\"widget\" data-e-type=\"widget\" data-widget_type=\"image.default\">\n\t\t\t\t\t\t\t\t\t\t\t\t\t\t\t<img decoding=\"async\" width=\"847\" height=\"565\" src=\"https:\/\/www.innovatingbytes.com\/wp-content\/uploads\/2025\/11\/Equipe-1024x683.jpg\" class=\"attachment-large size-large wp-image-3947\" alt=\"\" srcset=\"https:\/\/www.innovatingbytes.com\/wp-content\/uploads\/2025\/11\/Equipe-1024x683.jpg 1024w, https:\/\/www.innovatingbytes.com\/wp-content\/uploads\/2025\/11\/Equipe-300x200.jpg 300w, https:\/\/www.innovatingbytes.com\/wp-content\/uploads\/2025\/11\/Equipe-768x512.jpg 768w, https:\/\/www.innovatingbytes.com\/wp-content\/uploads\/2025\/11\/Equipe-600x400.jpg 600w, https:\/\/www.innovatingbytes.com\/wp-content\/uploads\/2025\/11\/Equipe.jpg 1536w\" sizes=\"(max-width: 847px) 100vw, 847px\" \/>\t\t\t\t\t\t\t\t\t\t\t\t\t\t\t<\/div>\n\t\t\t\t<div class=\"elementor-element elementor-element-a0848bf elementor-widget elementor-widget-text-editor\" data-id=\"a0848bf\" data-element_type=\"widget\" data-e-type=\"widget\" data-widget_type=\"text-editor.default\">\n\t\t\t\t\t\t\t\t\t<p>Derri\u00e8re <strong><span style=\"font-size: revert; background-color: transparent; color: var(--theme-text-color); font-family: var(--theme-font-family); font-style: var(--theme-font-style, inherit); font-weight: var(--theme-font-weight); letter-spacing: var(--theme-letter-spacing); text-transform: var(--theme-text-transform);\">Innovating Bytes<\/span><\/strong>, se trouve une \u00e9quipe passionn\u00e9e par la technologie, l\u2019innovation et la satisfaction client. Chaque membre apporte son expertise et son \u00e9nergie pour offrir \u00e0 nos clients la meilleure exp\u00e9rience d\u2019achat possible.<\/p>\n<p><!-- \/wp:paragraph --><!-- wp:paragraph --><\/p>\n<p>Notre \u00e9quipe se compose de <strong>professionnels aux profils vari\u00e9s<\/strong>, unis par une m\u00eame vision : rendre la technologie accessible, fiable et inspirante.<\/p>\n<ul class=\"wp-block-list\">\n<li style=\"list-style-type: none;\">\n<ul class=\"wp-block-list\">\n<li><strong>Direction &amp; Strat\u00e9gie<\/strong> : Nos dirigeants guident l\u2019entreprise avec une vision claire tourn\u00e9e vers l\u2019avenir num\u00e9rique et la qualit\u00e9 du service.<\/li>\n<\/ul>\n<\/li>\n<\/ul>\n<p><!-- \/wp:list-item --><!-- wp:list-item --><\/p>\n<ul class=\"wp-block-list\">\n<li style=\"list-style-type: none;\">\n<ul class=\"wp-block-list\">\n<li><strong>\u00c9quipe technique<\/strong> : Nos experts en d\u00e9veloppement et en maintenance veillent au bon fonctionnement de notre plateforme en ligne, garantissant une navigation fluide et s\u00e9curis\u00e9e.<\/li>\n<\/ul>\n<\/li>\n<\/ul>\n<p><!-- \/wp:list-item --><!-- wp:list-item --><\/p>\n<ul class=\"wp-block-list\">\n<li style=\"list-style-type: none;\">\n<ul class=\"wp-block-list\">\n<li><strong>\u00c9quipe produits<\/strong> : Toujours \u00e0 l\u2019aff\u00fbt des derni\u00e8res innovations, elle s\u00e9lectionne pour vous les meilleurs ordinateurs, smartphones et accessoires high-tech du march\u00e9.<\/li>\n<\/ul>\n<\/li>\n<\/ul>\n<p><!-- \/wp:list-item --><!-- wp:list-item --><\/p>\n<ul class=\"wp-block-list\">\n<li style=\"list-style-type: none;\">\n<ul class=\"wp-block-list\">\n<li><strong>Service client<\/strong> : \u00c0 l\u2019\u00e9coute et r\u00e9actifs, nos conseillers accompagnent chaque client avant, pendant et apr\u00e8s l\u2019achat, pour une exp\u00e9rience sur mesure.<\/li>\n<\/ul>\n<\/li>\n<\/ul>\n<p><!-- \/wp:list-item --><!-- wp:list-item --><\/p>\n<ul class=\"wp-block-list\">\n<li style=\"list-style-type: none;\">\n<ul class=\"wp-block-list\">\n<li><strong>\u00c9quipe marketing<\/strong> : Dynamique et cr\u00e9ative, elle fait conna\u00eetre nos offres et nos nouveaut\u00e9s tout en valorisant notre image de marque.<\/li>\n<\/ul>\n<\/li>\n<\/ul>\n<p><!-- \/wp:list-item --><\/p>\n<p><!-- \/wp:list --><!-- wp:paragraph --><\/p>\n<p>At <strong><span style=\"font-size: revert; background-color: transparent; color: var(--theme-text-color); font-family: var(--theme-font-family); font-style: var(--theme-font-style, inherit); font-weight: var(--theme-font-weight); letter-spacing: var(--theme-letter-spacing); text-transform: var(--theme-text-transform);\">Innovating Bytes<\/span><\/strong>, nous croyons que le succ\u00e8s repose sur la <strong>collaboration, la passion et l\u2019innovation<\/strong>. Ensemble, nous \u0153uvrons chaque jour pour faire de la technologie un alli\u00e9 au service de tous.<\/p>\t\t\t\t\t\t\t\t<\/div>\n\t\t\t\t<\/div>\n\t\t\t\t\t<\/div>\n\t\t\t\t<\/div>\n\t\t\t\t<\/div>","protected":false},"excerpt":{"rendered":"<p>Notre histoire Innovating Bytes est une entreprise de vente de technologies avant-gardiste bas\u00e9e \u00e0 Paris, en France. Depuis sa cr\u00e9ation en 2020, elle s&rsquo;est concentr\u00e9e sur la fourniture de solutions logicielles et mat\u00e9rielles de pointe adapt\u00e9es aux entreprises de toutes tailles. Les clients appr\u00e9cient Innovating Bytes pour ses prix comp\u00e9titifs, son vaste choix et son&hellip;<\/p>","protected":false},"author":1,"featured_media":0,"parent":0,"menu_order":0,"comment_status":"closed","ping_status":"closed","template":"","meta":{"footnotes":""},"class_list":["post-1039","page","type-page","status-publish","hentry"],"_links":{"self":[{"href":"https:\/\/www.innovatingbytes.com\/en\/wp-json\/wp\/v2\/pages\/1039","targetHints":{"allow":["GET"]}}],"collection":[{"href":"https:\/\/www.innovatingbytes.com\/en\/wp-json\/wp\/v2\/pages"}],"about":[{"href":"https:\/\/www.innovatingbytes.com\/en\/wp-json\/wp\/v2\/types\/page"}],"author":[{"embeddable":true,"href":"https:\/\/www.innovatingbytes.com\/en\/wp-json\/wp\/v2\/users\/1"}],"replies":[{"embeddable":true,"href":"https:\/\/www.innovatingbytes.com\/en\/wp-json\/wp\/v2\/comments?post=1039"}],"version-history":[{"count":0,"href":"https:\/\/www.innovatingbytes.com\/en\/wp-json\/wp\/v2\/pages\/1039\/revisions"}],"wp:attachment":[{"href":"https:\/\/www.innovatingbytes.com\/en\/wp-json\/wp\/v2\/media?parent=1039"}],"curies":[{"name":"wp","href":"https:\/\/api.w.org\/{rel}","templated":true}]}}